{"id":2047,"date":"2018-06-08T11:29:25","date_gmt":"2018-06-08T09:29:25","guid":{"rendered":"http:\/\/www.magic-hologram.com\/public-dinosaurs-3d\/"},"modified":"2021-03-17T13:17:34","modified_gmt":"2021-03-17T12:17:34","slug":"hologramme-dinosaures-3d-dino-jurassic-world","status":"publish","type":"page","link":"https:\/\/www.magic-hologram.com\/fr\/hologramme-dinosaures-3d-dino-jurassic-world\/","title":{"rendered":"Public : Dinosaurs 3D"},"content":{"rendered":"<p><div class=\"fusion-fullwidth fullwidth-box fusion-builder-row-1 hide-tablette nonhundred-percent-fullwidth non-hundred-percent-height-scrolling\" style=\"--awb-background-position:left top;--awb-border-radius-top-left:0px;--awb-border-radius-top-right:0px;--awb-border-radius-bottom-right:0px;--awb-border-radius-bottom-left:0px;--awb-padding-top:0px;--awb-padding-bottom:20px;--awb-border-sizes-top:0px;--awb-border-sizes-bottom:0px;--awb-flex-wrap:wrap;\" ><div class=\"fusion-builder-row fusion-row\"><div class=\"fusion-layout-column fusion_builder_column fusion-builder-column-0 fusion_builder_column_1_1 1_1 fusion-one-full fusion-column-first fusion-column-last fusion-column-no-min-height\" style=\"--awb-bg-size:cover;--awb-margin-top:0px;--awb-margin-bottom:0px;\"><div class=\"fusion-column-wrapper fusion-flex-column-wrapper-legacy\"><div class=\"fusion-title title fusion-title-1 sep-underline sep-solid fusion-title-center fusion-title-text fusion-title-size-one\"><h1 class=\"fusion-title-heading title-heading-center fusion-responsive-typography-calculated\" style=\"margin:0;--fontSize:50;line-height:1.16;\">Dinosaures 3D<\/h1><\/div><div class=\"fusion-clearfix\"><\/div><\/div><\/div><div class=\"fusion-layout-column fusion_builder_column fusion-builder-column-1 fusion_builder_column_1_5 1_5 fusion-one-fifth fusion-column-first fusion-no-small-visibility\" style=\"--awb-bg-size:cover;width:16.8%; margin-right: 4%;\"><div class=\"fusion-column-wrapper fusion-flex-column-wrapper-legacy\"><div class=\"fusion-clearfix\"><\/div><\/div><\/div><div class=\"fusion-layout-column fusion_builder_column fusion-builder-column-2 fusion_builder_column_3_5 3_5 fusion-three-fifth\" style=\"--awb-bg-size:cover;--awb-margin-top:0px;width:58.4%; margin-right: 4%;\"><div class=\"fusion-column-wrapper fusion-flex-column-wrapper-legacy\"><div class=\"fusion-video fusion-vimeo\" style=\"--awb-max-width:800px;--awb-max-height:467px;\"><div class=\"video-shortcode\"><div class=\"fluid-width-video-wrapper\" style=\"padding-top:58.38%;\" ><iframe title=\"Vimeo video player 1\" src=\"https:\/\/player.vimeo.com\/video\/273915150?autoplay=0&amp;autopause=0\" width=\"800\" height=\"467\" allowfullscreen allow=\"autoplay; fullscreen\"><\/iframe><\/div><\/div><\/div><div class=\"fusion-clearfix\"><\/div><\/div><\/div><div class=\"fusion-layout-column fusion_builder_column fusion-builder-column-3 fusion_builder_column_1_5 1_5 fusion-one-fifth fusion-column-last fusion-no-small-visibility\" style=\"--awb-bg-size:cover;width:16.8%;\"><div class=\"fusion-column-wrapper fusion-flex-column-wrapper-legacy\"><div class=\"fusion-clearfix\"><\/div><\/div><\/div><div class=\"fusion-layout-column fusion_builder_column fusion-builder-column-4 fusion_builder_column_1_1 1_1 fusion-one-full fusion-column-first fusion-column-last fusion-column-no-min-height\" style=\"--awb-bg-size:cover;--awb-margin-top:0px;--awb-margin-bottom:0px;\"><div class=\"fusion-column-wrapper fusion-flex-column-wrapper-legacy\"><div class=\"fusion-text fusion-text-1\"><p style=\"text-align: center;\">Note : Bien mettre la luminosit\u00e9 au maximum et la vid\u00e9o en plein \u00e9cran<\/p>\n<\/div><div class=\"fusion-clearfix\"><\/div><\/div><\/div><\/div><\/div><div class=\"fusion-fullwidth fullwidth-box fusion-builder-row-2 hide-mobile nonhundred-percent-fullwidth non-hundred-percent-height-scrolling\" style=\"--awb-background-position:left top;--awb-border-radius-top-left:0px;--awb-border-radius-top-right:0px;--awb-border-radius-bottom-right:0px;--awb-border-radius-bottom-left:0px;--awb-padding-top:0px;--awb-padding-bottom:20px;--awb-border-sizes-top:0px;--awb-border-sizes-bottom:0px;--awb-flex-wrap:wrap;\" ><div class=\"fusion-builder-row fusion-row\"><div class=\"fusion-layout-column fusion_builder_column fusion-builder-column-5 fusion_builder_column_1_1 1_1 fusion-one-full fusion-column-first fusion-column-last fusion-column-no-min-height\" style=\"--awb-bg-size:cover;--awb-margin-top:0px;--awb-margin-bottom:0px;\"><div class=\"fusion-column-wrapper fusion-flex-column-wrapper-legacy\"><div class=\"fusion-title title fusion-title-2 sep-underline sep-solid fusion-title-center fusion-title-text fusion-title-size-one\"><h1 class=\"fusion-title-heading title-heading-center fusion-responsive-typography-calculated\" style=\"margin:0;--fontSize:50;line-height:1.16;\">Dinosaures 3D<\/h1><\/div><div class=\"fusion-clearfix\"><\/div><\/div><\/div><div class=\"fusion-layout-column fusion_builder_column fusion-builder-column-6 fusion_builder_column_1_5 1_5 fusion-one-fifth fusion-column-first fusion-no-small-visibility\" style=\"--awb-bg-size:cover;width:16.8%; margin-right: 4%;\"><div class=\"fusion-column-wrapper fusion-flex-column-wrapper-legacy\"><div class=\"fusion-clearfix\"><\/div><\/div><\/div><div class=\"fusion-layout-column fusion_builder_column fusion-builder-column-7 fusion_builder_column_3_5 3_5 fusion-three-fifth\" style=\"--awb-bg-size:cover;--awb-margin-top:0px;width:58.4%; margin-right: 4%;\"><div class=\"fusion-column-wrapper fusion-flex-column-wrapper-legacy\"><div class=\"fusion-video fusion-vimeo\" style=\"--awb-max-width:800px;--awb-max-height:467px;\"><div class=\"video-shortcode\"><div class=\"fluid-width-video-wrapper\" style=\"padding-top:58.38%;\" ><iframe title=\"Vimeo video player 2\" src=\"https:\/\/player.vimeo.com\/video\/274050862?autoplay=0&amp;autopause=0\" width=\"800\" height=\"467\" allowfullscreen allow=\"autoplay; fullscreen\"><\/iframe><\/div><\/div><\/div><div class=\"fusion-clearfix\"><\/div><\/div><\/div><div class=\"fusion-layout-column fusion_builder_column fusion-builder-column-8 fusion_builder_column_1_5 1_5 fusion-one-fifth fusion-column-last fusion-no-small-visibility\" style=\"--awb-bg-size:cover;width:16.8%;\"><div class=\"fusion-column-wrapper fusion-flex-column-wrapper-legacy\"><div class=\"fusion-clearfix\"><\/div><\/div><\/div><div class=\"fusion-layout-column fusion_builder_column fusion-builder-column-9 fusion_builder_column_1_1 1_1 fusion-one-full fusion-column-first fusion-column-last fusion-column-no-min-height\" style=\"--awb-bg-size:cover;--awb-margin-top:0px;--awb-margin-bottom:0px;\"><div class=\"fusion-column-wrapper fusion-flex-column-wrapper-legacy\"><div class=\"fusion-text fusion-text-2\"><p style=\"text-align: center;\">Note : Bien mettre la luminosit\u00e9 au maximum et la vid\u00e9o en plein \u00e9cran<\/p>\n<\/div><div class=\"fusion-clearfix\"><\/div><\/div><\/div><\/div><\/div><\/p>\n","protected":false},"excerpt":{"rendered":"","protected":false},"author":1,"featured_media":0,"parent":0,"menu_order":0,"comment_status":"closed","ping_status":"closed","template":"","meta":{"footnotes":""},"class_list":["post-2047","page","type-page","status-publish","hentry"],"yoast_head":"<!-- This site is optimized with the Yoast SEO plugin v26.1.1 - https:\/\/yoast.com\/wordpress\/plugins\/seo\/ -->\n<title>Jurassic World : Dinosaures 3D en hologramme pour smartphones et tablettes<\/title>\n<meta name=\"description\" content=\"D\u00e9couvrez un monde jurassique holographique incroyable avec ces dinosaures 3D ! T-rex, raptors et autres b\u00eates pr\u00e9historiques vous attendent ! Ceci est une vid\u00e9o holographique qui fonctionne avec le kit smartphone Magic Hologram disponible sur Amazon !\" \/>\n<meta name=\"robots\" content=\"index, follow, max-snippet:-1, max-image-preview:large, max-video-preview:-1\" \/>\n<link rel=\"canonical\" href=\"https:\/\/www.magic-hologram.com\/fr\/hologramme-dinosaures-3d-dino-jurassic-world\/\" \/>\n<meta property=\"og:locale\" content=\"fr_FR\" \/>\n<meta property=\"og:type\" content=\"article\" \/>\n<meta property=\"og:title\" content=\"Jurassic World : Dinosaures 3D en hologramme pour smartphones et tablettes\" \/>\n<meta property=\"og:description\" content=\"D\u00e9couvrez un monde jurassique holographique incroyable avec ces dinosaures 3D ! T-rex, raptors et autres b\u00eates pr\u00e9historiques vous attendent ! Ceci est une vid\u00e9o holographique qui fonctionne avec le kit smartphone Magic Hologram disponible sur Amazon !\" \/>\n<meta property=\"og:url\" content=\"https:\/\/www.magic-hologram.com\/fr\/hologramme-dinosaures-3d-dino-jurassic-world\/\" \/>\n<meta property=\"og:site_name\" content=\"Magic Hologram\" \/>\n<meta property=\"article:modified_time\" content=\"2021-03-17T12:17:34+00:00\" \/>\n<meta property=\"og:image\" content=\"https:\/\/www.magic-hologram.com\/wp-content\/uploads\/2018\/06\/vignette-dinosaures.png\" \/>\n\t<meta property=\"og:image:width\" content=\"1280\" \/>\n\t<meta property=\"og:image:height\" content=\"720\" \/>\n\t<meta property=\"og:image:type\" content=\"image\/png\" \/>\n<meta name=\"twitter:card\" content=\"summary_large_image\" \/>\n<meta name=\"twitter:label1\" content=\"Dur\u00e9e de lecture estim\u00e9e\" \/>\n\t<meta name=\"twitter:data1\" content=\"4 minutes\" \/>\n<script type=\"application\/ld+json\" class=\"yoast-schema-graph\">{\"@context\":\"https:\/\/schema.org\",\"@graph\":[{\"@type\":\"WebPage\",\"@id\":\"https:\/\/www.magic-hologram.com\/fr\/hologramme-dinosaures-3d-dino-jurassic-world\/\",\"url\":\"https:\/\/www.magic-hologram.com\/fr\/hologramme-dinosaures-3d-dino-jurassic-world\/\",\"name\":\"Jurassic World : Dinosaures 3D en hologramme pour smartphones et tablettes\",\"isPartOf\":{\"@id\":\"https:\/\/www.magic-hologram.com\/fr\/#website\"},\"datePublished\":\"2018-06-08T09:29:25+00:00\",\"dateModified\":\"2021-03-17T12:17:34+00:00\",\"description\":\"D\u00e9couvrez un monde jurassique holographique incroyable avec ces dinosaures 3D ! T-rex, raptors et autres b\u00eates pr\u00e9historiques vous attendent ! Ceci est une vid\u00e9o holographique qui fonctionne avec le kit smartphone Magic Hologram disponible sur Amazon !\",\"breadcrumb\":{\"@id\":\"https:\/\/www.magic-hologram.com\/fr\/hologramme-dinosaures-3d-dino-jurassic-world\/#breadcrumb\"},\"inLanguage\":\"fr-FR\",\"potentialAction\":[{\"@type\":\"ReadAction\",\"target\":[\"https:\/\/www.magic-hologram.com\/fr\/hologramme-dinosaures-3d-dino-jurassic-world\/\"]}]},{\"@type\":\"BreadcrumbList\",\"@id\":\"https:\/\/www.magic-hologram.com\/fr\/hologramme-dinosaures-3d-dino-jurassic-world\/#breadcrumb\",\"itemListElement\":[{\"@type\":\"ListItem\",\"position\":1,\"name\":\"Home\",\"item\":\"https:\/\/www.magic-hologram.com\/fr\/\"},{\"@type\":\"ListItem\",\"position\":2,\"name\":\"Public : Dinosaurs 3D\"}]},{\"@type\":\"WebSite\",\"@id\":\"https:\/\/www.magic-hologram.com\/fr\/#website\",\"url\":\"https:\/\/www.magic-hologram.com\/fr\/\",\"name\":\"Magic Hologram\",\"description\":\"\",\"potentialAction\":[{\"@type\":\"SearchAction\",\"target\":{\"@type\":\"EntryPoint\",\"urlTemplate\":\"https:\/\/www.magic-hologram.com\/fr\/?s={search_term_string}\"},\"query-input\":{\"@type\":\"PropertyValueSpecification\",\"valueRequired\":true,\"valueName\":\"search_term_string\"}}],\"inLanguage\":\"fr-FR\"}]}<\/script>\n<!-- \/ Yoast SEO plugin. -->","yoast_head_json":{"title":"Jurassic World : Dinosaures 3D en hologramme pour smartphones et tablettes","description":"D\u00e9couvrez un monde jurassique holographique incroyable avec ces dinosaures 3D ! T-rex, raptors et autres b\u00eates pr\u00e9historiques vous attendent ! Ceci est une vid\u00e9o holographique qui fonctionne avec le kit smartphone Magic Hologram disponible sur Amazon !","robots":{"index":"index","follow":"follow","max-snippet":"max-snippet:-1","max-image-preview":"max-image-preview:large","max-video-preview":"max-video-preview:-1"},"canonical":"https:\/\/www.magic-hologram.com\/fr\/hologramme-dinosaures-3d-dino-jurassic-world\/","og_locale":"fr_FR","og_type":"article","og_title":"Jurassic World : Dinosaures 3D en hologramme pour smartphones et tablettes","og_description":"D\u00e9couvrez un monde jurassique holographique incroyable avec ces dinosaures 3D ! T-rex, raptors et autres b\u00eates pr\u00e9historiques vous attendent ! Ceci est une vid\u00e9o holographique qui fonctionne avec le kit smartphone Magic Hologram disponible sur Amazon !","og_url":"https:\/\/www.magic-hologram.com\/fr\/hologramme-dinosaures-3d-dino-jurassic-world\/","og_site_name":"Magic Hologram","article_modified_time":"2021-03-17T12:17:34+00:00","og_image":[{"width":1280,"height":720,"url":"https:\/\/www.magic-hologram.com\/wp-content\/uploads\/2018\/06\/vignette-dinosaures.png","type":"image\/png"}],"twitter_card":"summary_large_image","twitter_misc":{"Dur\u00e9e de lecture estim\u00e9e":"4 minutes"},"schema":{"@context":"https:\/\/schema.org","@graph":[{"@type":"WebPage","@id":"https:\/\/www.magic-hologram.com\/fr\/hologramme-dinosaures-3d-dino-jurassic-world\/","url":"https:\/\/www.magic-hologram.com\/fr\/hologramme-dinosaures-3d-dino-jurassic-world\/","name":"Jurassic World : Dinosaures 3D en hologramme pour smartphones et tablettes","isPartOf":{"@id":"https:\/\/www.magic-hologram.com\/fr\/#website"},"datePublished":"2018-06-08T09:29:25+00:00","dateModified":"2021-03-17T12:17:34+00:00","description":"D\u00e9couvrez un monde jurassique holographique incroyable avec ces dinosaures 3D ! T-rex, raptors et autres b\u00eates pr\u00e9historiques vous attendent ! Ceci est une vid\u00e9o holographique qui fonctionne avec le kit smartphone Magic Hologram disponible sur Amazon !","breadcrumb":{"@id":"https:\/\/www.magic-hologram.com\/fr\/hologramme-dinosaures-3d-dino-jurassic-world\/#breadcrumb"},"inLanguage":"fr-FR","potentialAction":[{"@type":"ReadAction","target":["https:\/\/www.magic-hologram.com\/fr\/hologramme-dinosaures-3d-dino-jurassic-world\/"]}]},{"@type":"BreadcrumbList","@id":"https:\/\/www.magic-hologram.com\/fr\/hologramme-dinosaures-3d-dino-jurassic-world\/#breadcrumb","itemListElement":[{"@type":"ListItem","position":1,"name":"Home","item":"https:\/\/www.magic-hologram.com\/fr\/"},{"@type":"ListItem","position":2,"name":"Public : Dinosaurs 3D"}]},{"@type":"WebSite","@id":"https:\/\/www.magic-hologram.com\/fr\/#website","url":"https:\/\/www.magic-hologram.com\/fr\/","name":"Magic Hologram","description":"","potentialAction":[{"@type":"SearchAction","target":{"@type":"EntryPoint","urlTemplate":"https:\/\/www.magic-hologram.com\/fr\/?s={search_term_string}"},"query-input":{"@type":"PropertyValueSpecification","valueRequired":true,"valueName":"search_term_string"}}],"inLanguage":"fr-FR"}]}},"_links":{"self":[{"href":"https:\/\/www.magic-hologram.com\/fr\/wp-json\/wp\/v2\/pages\/2047","targetHints":{"allow":["GET"]}}],"collection":[{"href":"https:\/\/www.magic-hologram.com\/fr\/wp-json\/wp\/v2\/pages"}],"about":[{"href":"https:\/\/www.magic-hologram.com\/fr\/wp-json\/wp\/v2\/types\/page"}],"author":[{"embeddable":true,"href":"https:\/\/www.magic-hologram.com\/fr\/wp-json\/wp\/v2\/users\/1"}],"replies":[{"embeddable":true,"href":"https:\/\/www.magic-hologram.com\/fr\/wp-json\/wp\/v2\/comments?post=2047"}],"version-history":[{"count":3,"href":"https:\/\/www.magic-hologram.com\/fr\/wp-json\/wp\/v2\/pages\/2047\/revisions"}],"predecessor-version":[{"id":2541,"href":"https:\/\/www.magic-hologram.com\/fr\/wp-json\/wp\/v2\/pages\/2047\/revisions\/2541"}],"wp:attachment":[{"href":"https:\/\/www.magic-hologram.com\/fr\/wp-json\/wp\/v2\/media?parent=2047"}],"curies":[{"name":"wp","href":"https:\/\/api.w.org\/{rel}","templated":true}]}}