{"id":3685,"date":"2025-07-09T12:00:52","date_gmt":"2025-07-09T10:00:52","guid":{"rendered":"https:\/\/www.magic-hologram.com\/?page_id=3685"},"modified":"2025-07-09T14:29:24","modified_gmt":"2025-07-09T12:29:24","slug":"happy-easter-hologramme-paques-pour-smartphone","status":"publish","type":"page","link":"https:\/\/www.magic-hologram.com\/fr\/happy-easter-hologramme-paques-pour-smartphone\/","title":{"rendered":"Public : Happy Easter"},"content":{"rendered":"<p><div class=\"fusion-fullwidth fullwidth-box fusion-builder-row-1 fusion-flex-container has-pattern-background has-mask-background nonhundred-percent-fullwidth non-hundred-percent-height-scrolling\" style=\"--link_color: var(--awb-color1);--awb-border-radius-top-left:0px;--awb-border-radius-top-right:0px;--awb-border-radius-bottom-right:0px;--awb-border-radius-bottom-left:0px;--awb-padding-top:10px;--awb-padding-right:0px;--awb-padding-bottom:10px;--awb-padding-left:0px;--awb-margin-top:0px;--awb-margin-bottom:0px;--awb-background-color:#000000;--awb-flex-wrap:wrap;\" ><div class=\"fusion-builder-row fusion-row fusion-flex-align-items-flex-start fusion-flex-content-wrap\" style=\"max-width:1216.8px;margin-left: calc(-4% \/ 2 );margin-right: calc(-4% \/ 2 );\"><div class=\"fusion-layout-column fusion_builder_column fusion-builder-column-0 fusion_builder_column_1_1 1_1 fusion-flex-column\" style=\"--awb-padding-top:0px;--awb-padding-right:0px;--awb-padding-bottom:0px;--awb-padding-left:0px;--awb-bg-size:cover;--awb-width-large:100%;--awb-margin-top-large:0px;--awb-spacing-right-large:1.92%;--awb-margin-bottom-large:0px;--awb-spacing-left-large:1.92%;--awb-width-medium:100%;--awb-order-medium:0;--awb-spacing-right-medium:1.92%;--awb-spacing-left-medium:1.92%;--awb-width-small:100%;--awb-order-small:0;--awb-spacing-right-small:1.92%;--awb-spacing-left-small:1.92%;\" data-scroll-devices=\"small-visibility,medium-visibility,large-visibility\"><div class=\"fusion-column-wrapper fusion-column-has-shadow fusion-flex-justify-content-flex-start fusion-content-layout-column\"><div class=\"fusion-title title fusion-title-1 fusion-sep-none fusion-title-center fusion-title-text fusion-title-size-one\" style=\"--awb-text-color:var(--awb-color1);--awb-margin-top:10px;--awb-margin-bottom:10px;--awb-font-size:30px;\"><h1 class=\"fusion-title-heading title-heading-center fusion-responsive-typography-calculated\" style=\"font-family:&quot;Roboto Condensed&quot;;font-style:normal;font-weight:300;margin:0;text-transform:uppercase;font-size:1em;--fontSize:30;--minFontSize:30;line-height:1.16;\">Happy Easter<\/h1><\/div><\/div><\/div><\/div><\/div><div class=\"fusion-fullwidth fullwidth-box fusion-builder-row-2 fusion-flex-container has-pattern-background has-mask-background nonhundred-percent-fullwidth non-hundred-percent-height-scrolling\" style=\"--awb-border-radius-top-left:0px;--awb-border-radius-top-right:0px;--awb-border-radius-bottom-right:0px;--awb-border-radius-bottom-left:0px;--awb-padding-right:0px;--awb-padding-left:0px;--awb-padding-right-medium:0px;--awb-padding-left-medium:0px;--awb-padding-right-small:0px;--awb-padding-left-small:0px;--awb-flex-wrap:wrap;\" ><div class=\"fusion-builder-row fusion-row fusion-flex-align-items-flex-start fusion-flex-justify-content-center fusion-flex-content-wrap\" style=\"max-width:1216.8px;margin-left: calc(-4% \/ 2 );margin-right: calc(-4% \/ 2 );\"><div class=\"fusion-layout-column fusion_builder_column fusion-builder-column-1 fusion_builder_column_3_5 3_5 fusion-flex-column\" style=\"--awb-padding-top-small:0px;--awb-padding-right-small:0px;--awb-padding-bottom-small:0px;--awb-padding-left-small:0px;--awb-bg-size:cover;--awb-width-large:60%;--awb-margin-top-large:15px;--awb-spacing-right-large:3.2%;--awb-margin-bottom-large:15px;--awb-spacing-left-large:3.2%;--awb-width-medium:100%;--awb-order-medium:0;--awb-spacing-right-medium:1.92%;--awb-spacing-left-medium:1.92%;--awb-width-small:100%;--awb-order-small:0;--awb-margin-top-small:0;--awb-spacing-right-small:0px;--awb-margin-bottom-small:0;--awb-spacing-left-small:0px;\" data-scroll-devices=\"small-visibility,medium-visibility,large-visibility\"><div class=\"fusion-column-wrapper fusion-column-has-shadow fusion-flex-justify-content-space-evenly fusion-content-layout-row\"><div class=\"fusion-video fusion-selfhosted-video\" style=\"max-width:100%;\"><div class=\"video-wrapper\"><video playsinline=\"true\" width=\"100%\" style=\"object-fit: cover;\" muted=\"true\" loop=\"true\" poster=\"https:\/\/www.magic-hologram.com\/wp-content\/uploads\/2018\/12\/vignette-happy-easter-v2.jpg\" preload=\"auto\" controls=\"1\"><source src=\"https:\/\/www.magic-hologram.com\/wp-content\/uploads\/2025\/07\/magic-hologram-happy-easter.mp4\" type=\"video\/mp4\">Sorry, your browser doesn&#039;t support embedded videos.<\/video><\/div><\/div><\/div><\/div><div class=\"fusion-layout-column fusion_builder_column fusion-builder-column-2 fusion_builder_column_2_5 2_5 fusion-flex-column fusion-flex-align-self-center\" style=\"--awb-padding-right:15px;--awb-padding-left:15px;--awb-padding-top-small:10px;--awb-bg-size:cover;--awb-width-large:40%;--awb-margin-top-large:15px;--awb-spacing-right-large:4.8%;--awb-margin-bottom-large:15px;--awb-spacing-left-large:4.8%;--awb-width-medium:100%;--awb-order-medium:0;--awb-spacing-right-medium:1.92%;--awb-spacing-left-medium:1.92%;--awb-width-small:100%;--awb-order-small:0;--awb-margin-top-small:0;--awb-spacing-right-small:1.92%;--awb-spacing-left-small:1.92%;\" data-scroll-devices=\"small-visibility,medium-visibility,large-visibility\"><div class=\"fusion-column-wrapper fusion-column-has-shadow fusion-flex-justify-content-center fusion-content-layout-column\"><div class=\"fusion-title title fusion-title-2 sep-underline sep-dashed fusion-title-text fusion-title-size-two\" style=\"--awb-margin-top:10px;--awb-sep-color:var(--awb-color8);--awb-font-size:20px;\"><h2 class=\"fusion-title-heading title-heading-left fusion-responsive-typography-calculated\" style=\"font-family:&quot;Roboto Condensed&quot;;font-style:normal;font-weight:500;margin:0;text-transform:uppercase;font-size:1em;--fontSize:20;--minFontSize:20;line-height:1.2;\">Comment utiliser le Magic Hologram ?<\/h2><\/div><div class=\"fusion-text fusion-text-1 fusion-text-no-margin\" style=\"--awb-font-size:15px;--awb-margin-top:10px;--awb-text-font-family:&quot;Roboto Condensed&quot;;--awb-text-font-style:normal;--awb-text-font-weight:400;\"><p style=\"text-align: justify; margin-bottom: 10px;\"><i class=\"fb-icon-element-1 fb-icon-element fontawesome-icon fa-expand-alt fas circle-yes fusion-text-flow\" style=\"--awb-circlecolor:var(--awb-custom11);--awb-circlecolor-hover:var(--awb-custom11);--awb-circlebordercolor:var(--awb-custom11);--awb-circlebordercolor-hover:var(--awb-custom11);--awb-circlebordersize:1px;--awb-font-size:17.6px;--awb-width:35.2px;--awb-height:35.2px;--awb-line-height:33.2px;--awb-margin-right:10px;\"><\/i> Mettre la vid\u00e9o holographique en <strong>Plein Ecran<\/strong><\/p>\n<p style=\"text-align: justify; margin-top: 0;\"><i class=\"fb-icon-element-2 fb-icon-element fontawesome-icon fa-lightbulb fas circle-yes fusion-text-flow\" style=\"--awb-circlecolor:var(--awb-custom11);--awb-circlecolor-hover:var(--awb-custom11);--awb-circlebordercolor:var(--awb-custom11);--awb-circlebordercolor-hover:var(--awb-custom11);--awb-circlebordersize:1px;--awb-font-size:17.6px;--awb-width:35.2px;--awb-height:35.2px;--awb-line-height:33.2px;--awb-margin-right:10px;\"><\/i> D\u00e9finir <strong>la luminosit\u00e9 de votre t\u00e9l\u00e9phone au MAX<\/strong><\/p>\n<\/div><div style=\"text-align:center;\"><a class=\"fusion-button button-flat button-large button-custom fusion-button-default button-1 fusion-button-default-span fusion-button-default-type\" style=\"--button_accent_color:#ffffff;--button_accent_hover_color:#faa93d;--button_border_hover_color:var(--awb-custom11);--button_gradient_top_color:#faa93d;--button_gradient_bottom_color:#faa93d;--button_gradient_top_color_hover:#ffffff;--button_gradient_bottom_color_hover:#ffffff;--button_text_transform:uppercase;--button_typography-font-family:&quot;Roboto Condensed&quot;;--button_typography-font-style:normal;--button_typography-font-weight:600;--button_margin-top:20px;--button_margin-bottom:0px;\" target=\"_self\" href=\"https:\/\/www.magic-hologram.com\/#contenus\"><i class=\"fa-angle-right fas awb-button__icon awb-button__icon--default button-icon-left\" aria-hidden=\"true\"><\/i><span class=\"fusion-button-text awb-button__text awb-button__text--default\">Voir plus d\u2019hologrammes<\/span><\/a><\/div><\/div><\/div>\n<\/div><\/div><div class=\"fusion-fullwidth fullwidth-box fusion-builder-row-3 fusion-flex-container has-pattern-background has-mask-background nonhundred-percent-fullwidth non-hundred-percent-height-scrolling\" style=\"--awb-border-radius-top-left:15px;--awb-border-radius-top-right:15px;--awb-border-radius-bottom-right:15px;--awb-border-radius-bottom-left:15px;--awb-overflow:hidden;--awb-padding-right:0px;--awb-padding-left:0px;--awb-padding-right-medium:10px;--awb-padding-left-medium:10px;--awb-padding-right-small:10px;--awb-padding-left-small:10px;--awb-flex-wrap:wrap;\" ><div class=\"fusion-builder-row fusion-row fusion-flex-align-items-flex-start fusion-flex-justify-content-center fusion-flex-content-wrap\" style=\"max-width:1216.8px;margin-left: calc(-4% \/ 2 );margin-right: calc(-4% \/ 2 );\"><div class=\"fusion-layout-column fusion_builder_column fusion-builder-column-3 fusion_builder_column_1_1 1_1 fusion-flex-column fusion-flex-align-self-center\" style=\"--awb-padding-top:10px;--awb-padding-right:20px;--awb-padding-bottom:15px;--awb-padding-left:20px;--awb-padding-top-small:10px;--awb-padding-right-small:20px;--awb-padding-bottom-small:15px;--awb-padding-left-small:20px;--awb-overflow:hidden;--awb-bg-color:#ecf0f5;--awb-bg-color-hover:#ecf0f5;--awb-bg-size:cover;--awb-border-radius:15px 15px 15px 15px;--awb-width-large:100%;--awb-margin-top-large:15px;--awb-spacing-right-large:1.92%;--awb-margin-bottom-large:15px;--awb-spacing-left-large:1.92%;--awb-width-medium:100%;--awb-order-medium:0;--awb-spacing-right-medium:1.92%;--awb-spacing-left-medium:1.92%;--awb-width-small:100%;--awb-order-small:0;--awb-margin-top-small:0;--awb-spacing-right-small:1.92%;--awb-spacing-left-small:1.92%;\" data-scroll-devices=\"small-visibility,medium-visibility,large-visibility\"><div class=\"fusion-column-wrapper fusion-column-has-shadow fusion-flex-justify-content-center fusion-content-layout-column\"><div class=\"fusion-title title fusion-title-3 sep-underline sep-dashed fusion-title-text fusion-title-size-two\" style=\"--awb-margin-top:10px;--awb-sep-color:var(--awb-color8);--awb-font-size:20px;\"><h2 class=\"fusion-title-heading title-heading-left fusion-responsive-typography-calculated\" style=\"font-family:&quot;Roboto Condensed&quot;;font-style:normal;font-weight:500;margin:0;text-transform:uppercase;font-size:1em;--fontSize:20;--minFontSize:20;line-height:1.2;\">A propos de cet hologramme<\/h2><\/div><div class=\"fusion-text fusion-text-2 fusion-text-no-margin\" style=\"--awb-font-size:15px;--awb-margin-top:10px;--awb-text-font-family:&quot;Roboto Condensed&quot;;--awb-text-font-style:normal;--awb-text-font-weight:400;\"><p>D\u00e9couvrez le ravissant Magic Hologram, une pyramide innovante en plexiglas qui transforme votre smartphone en un fascinant \u00e9cran holographique. Pour P\u00e2ques, plongez dans un monde fantaisiste de chocolats et d&rsquo;\u0153ufs anim\u00e9s en 3D \u00e9poustouflante. Une fa\u00e7on unique d&rsquo;envoyer vos v\u0153ux de P\u00e2ques avec le message \u00ab Joyeuses P\u00e2ques ! \u00bb<\/p>\n<p>Le Magic Hologram sublime la traditionnelle c\u00e9l\u00e9bration de P\u00e2ques en projetant une charmante animation d&rsquo;\u0153ufs de P\u00e2ques et de d\u00e9licieuses gourmandises chocolat\u00e9es. Placez la pyramide sur l&rsquo;\u00e9cran de votre t\u00e9l\u00e9phone pour cr\u00e9er un effet holographique saisissant et r\u00e9aliste, donnant l&rsquo;impression que des \u0153ufs et des chocolats color\u00e9s flottent et tournent dans les airs. Cet \u00e9cran captivant et interactif capture non seulement l&rsquo;essence de P\u00e2ques, mais ajoute \u00e9galement une touche de magie aux f\u00eates de fin d&rsquo;ann\u00e9e.<\/p>\n<p>Id\u00e9al pour les r\u00e9unions de famille, les f\u00eates de P\u00e2ques ou comme cadeau original, le Magic Hologram est incroyablement facile \u00e0 utiliser. Pas besoin d&rsquo;installation compliqu\u00e9e ni d&rsquo;\u00e9quipement suppl\u00e9mentaire ; il suffit de positionner la pyramide sur votre smartphone et de regarder les d\u00e9lices holographiques de P\u00e2ques se mat\u00e9rialiser sous vos yeux. Le plexiglas transparent et r\u00e9sistant garantit des hologrammes nets et lumineux, offrant un plaisir visuel agr\u00e9able pour tous les \u00e2ges.<\/p>\n<p>Le Magic Hologram est plus qu&rsquo;un simple gadget ; c&rsquo;est une nouvelle fa\u00e7on de vivre la joie et l&rsquo;\u00e9merveillement de P\u00e2ques. Que vous souhaitiez enchanter vos invit\u00e9s, surprendre un proche ou simplement apporter une touche de magie festive \u00e0 votre int\u00e9rieur, cet appareil saura vous impressionner par sa technologie innovante et son charme festif.<\/p>\n<p>C\u00e9l\u00e9brez P\u00e2ques en hologramme avec le Magic Hologram. Laissez-le donner vie au plaisir et \u00e0 l&rsquo;excitation de la chasse aux \u0153ufs de P\u00e2ques et des gourmandises chocolat\u00e9es dans une toute nouvelle dimension. Avec ses animations vibrantes et son message \u00ab Joyeuses P\u00e2ques \u00bb, c&rsquo;est la solution id\u00e9ale pour ajouter une touche de magie \u00e0 vos festivit\u00e9s.<\/p>\n<\/div><\/div><\/div><\/div><\/div><\/p>\n","protected":false},"excerpt":{"rendered":"","protected":false},"author":1,"featured_media":0,"parent":0,"menu_order":0,"comment_status":"closed","ping_status":"closed","template":"100-width.php","meta":{"footnotes":""},"class_list":["post-3685","page","type-page","status-publish","hentry"],"yoast_head":"<!-- This site is optimized with the Yoast SEO plugin v26.1.1 - https:\/\/yoast.com\/wordpress\/plugins\/seo\/ -->\n<title>Happy Easter - Hologramme p\u00e2ques pour smartphone<\/title>\n<meta name=\"description\" content=\"D\u00e9couvrez l&#039;hologramme p\u00e2ques pour smartphone Happy Easter !Une joli animation 3D qui pourra \u00eatre projet\u00e9e depuis votre smartphone ! Effet Wahou assur\u00e9 !!\" \/>\n<meta name=\"robots\" content=\"index, follow, max-snippet:-1, max-image-preview:large, max-video-preview:-1\" \/>\n<link rel=\"canonical\" href=\"https:\/\/www.magic-hologram.com\/fr\/happy-easter-hologramme-paques-pour-smartphone\/\" \/>\n<meta property=\"og:locale\" content=\"fr_FR\" \/>\n<meta property=\"og:type\" content=\"article\" \/>\n<meta property=\"og:title\" content=\"Happy Easter - Hologramme p\u00e2ques pour smartphone\" \/>\n<meta property=\"og:description\" content=\"D\u00e9couvrez l&#039;hologramme p\u00e2ques pour smartphone Happy Easter !Une joli animation 3D qui pourra \u00eatre projet\u00e9e depuis votre smartphone ! Effet Wahou assur\u00e9 !!\" \/>\n<meta property=\"og:url\" content=\"https:\/\/www.magic-hologram.com\/fr\/happy-easter-hologramme-paques-pour-smartphone\/\" \/>\n<meta property=\"og:site_name\" content=\"Magic Hologram\" \/>\n<meta property=\"article:modified_time\" content=\"2025-07-09T12:29:24+00:00\" \/>\n<meta name=\"twitter:card\" content=\"summary_large_image\" \/>\n<meta name=\"twitter:label1\" content=\"Dur\u00e9e de lecture estim\u00e9e\" \/>\n\t<meta name=\"twitter:data1\" content=\"20 minutes\" \/>\n<script type=\"application\/ld+json\" class=\"yoast-schema-graph\">{\"@context\":\"https:\/\/schema.org\",\"@graph\":[{\"@type\":\"WebPage\",\"@id\":\"https:\/\/www.magic-hologram.com\/fr\/happy-easter-hologramme-paques-pour-smartphone\/\",\"url\":\"https:\/\/www.magic-hologram.com\/fr\/happy-easter-hologramme-paques-pour-smartphone\/\",\"name\":\"Happy Easter - Hologramme p\u00e2ques pour smartphone\",\"isPartOf\":{\"@id\":\"https:\/\/www.magic-hologram.com\/fr\/#website\"},\"datePublished\":\"2025-07-09T10:00:52+00:00\",\"dateModified\":\"2025-07-09T12:29:24+00:00\",\"description\":\"D\u00e9couvrez l'hologramme p\u00e2ques pour smartphone Happy Easter !Une joli animation 3D qui pourra \u00eatre projet\u00e9e depuis votre smartphone ! Effet Wahou assur\u00e9 !!\",\"breadcrumb\":{\"@id\":\"https:\/\/www.magic-hologram.com\/fr\/happy-easter-hologramme-paques-pour-smartphone\/#breadcrumb\"},\"inLanguage\":\"fr-FR\",\"potentialAction\":[{\"@type\":\"ReadAction\",\"target\":[\"https:\/\/www.magic-hologram.com\/fr\/happy-easter-hologramme-paques-pour-smartphone\/\"]}]},{\"@type\":\"BreadcrumbList\",\"@id\":\"https:\/\/www.magic-hologram.com\/fr\/happy-easter-hologramme-paques-pour-smartphone\/#breadcrumb\",\"itemListElement\":[{\"@type\":\"ListItem\",\"position\":1,\"name\":\"Home\",\"item\":\"https:\/\/www.magic-hologram.com\/fr\/\"},{\"@type\":\"ListItem\",\"position\":2,\"name\":\"Public : Happy Easter\"}]},{\"@type\":\"WebSite\",\"@id\":\"https:\/\/www.magic-hologram.com\/fr\/#website\",\"url\":\"https:\/\/www.magic-hologram.com\/fr\/\",\"name\":\"Magic Hologram\",\"description\":\"\",\"potentialAction\":[{\"@type\":\"SearchAction\",\"target\":{\"@type\":\"EntryPoint\",\"urlTemplate\":\"https:\/\/www.magic-hologram.com\/fr\/?s={search_term_string}\"},\"query-input\":{\"@type\":\"PropertyValueSpecification\",\"valueRequired\":true,\"valueName\":\"search_term_string\"}}],\"inLanguage\":\"fr-FR\"}]}<\/script>\n<!-- \/ Yoast SEO plugin. -->","yoast_head_json":{"title":"Happy Easter - Hologramme p\u00e2ques pour smartphone","description":"D\u00e9couvrez l'hologramme p\u00e2ques pour smartphone Happy Easter !Une joli animation 3D qui pourra \u00eatre projet\u00e9e depuis votre smartphone ! Effet Wahou assur\u00e9 !!","robots":{"index":"index","follow":"follow","max-snippet":"max-snippet:-1","max-image-preview":"max-image-preview:large","max-video-preview":"max-video-preview:-1"},"canonical":"https:\/\/www.magic-hologram.com\/fr\/happy-easter-hologramme-paques-pour-smartphone\/","og_locale":"fr_FR","og_type":"article","og_title":"Happy Easter - Hologramme p\u00e2ques pour smartphone","og_description":"D\u00e9couvrez l'hologramme p\u00e2ques pour smartphone Happy Easter !Une joli animation 3D qui pourra \u00eatre projet\u00e9e depuis votre smartphone ! Effet Wahou assur\u00e9 !!","og_url":"https:\/\/www.magic-hologram.com\/fr\/happy-easter-hologramme-paques-pour-smartphone\/","og_site_name":"Magic Hologram","article_modified_time":"2025-07-09T12:29:24+00:00","twitter_card":"summary_large_image","twitter_misc":{"Dur\u00e9e de lecture estim\u00e9e":"20 minutes"},"schema":{"@context":"https:\/\/schema.org","@graph":[{"@type":"WebPage","@id":"https:\/\/www.magic-hologram.com\/fr\/happy-easter-hologramme-paques-pour-smartphone\/","url":"https:\/\/www.magic-hologram.com\/fr\/happy-easter-hologramme-paques-pour-smartphone\/","name":"Happy Easter - Hologramme p\u00e2ques pour smartphone","isPartOf":{"@id":"https:\/\/www.magic-hologram.com\/fr\/#website"},"datePublished":"2025-07-09T10:00:52+00:00","dateModified":"2025-07-09T12:29:24+00:00","description":"D\u00e9couvrez l'hologramme p\u00e2ques pour smartphone Happy Easter !Une joli animation 3D qui pourra \u00eatre projet\u00e9e depuis votre smartphone ! Effet Wahou assur\u00e9 !!","breadcrumb":{"@id":"https:\/\/www.magic-hologram.com\/fr\/happy-easter-hologramme-paques-pour-smartphone\/#breadcrumb"},"inLanguage":"fr-FR","potentialAction":[{"@type":"ReadAction","target":["https:\/\/www.magic-hologram.com\/fr\/happy-easter-hologramme-paques-pour-smartphone\/"]}]},{"@type":"BreadcrumbList","@id":"https:\/\/www.magic-hologram.com\/fr\/happy-easter-hologramme-paques-pour-smartphone\/#breadcrumb","itemListElement":[{"@type":"ListItem","position":1,"name":"Home","item":"https:\/\/www.magic-hologram.com\/fr\/"},{"@type":"ListItem","position":2,"name":"Public : Happy Easter"}]},{"@type":"WebSite","@id":"https:\/\/www.magic-hologram.com\/fr\/#website","url":"https:\/\/www.magic-hologram.com\/fr\/","name":"Magic Hologram","description":"","potentialAction":[{"@type":"SearchAction","target":{"@type":"EntryPoint","urlTemplate":"https:\/\/www.magic-hologram.com\/fr\/?s={search_term_string}"},"query-input":{"@type":"PropertyValueSpecification","valueRequired":true,"valueName":"search_term_string"}}],"inLanguage":"fr-FR"}]}},"_links":{"self":[{"href":"https:\/\/www.magic-hologram.com\/fr\/wp-json\/wp\/v2\/pages\/3685","targetHints":{"allow":["GET"]}}],"collection":[{"href":"https:\/\/www.magic-hologram.com\/fr\/wp-json\/wp\/v2\/pages"}],"about":[{"href":"https:\/\/www.magic-hologram.com\/fr\/wp-json\/wp\/v2\/types\/page"}],"author":[{"embeddable":true,"href":"https:\/\/www.magic-hologram.com\/fr\/wp-json\/wp\/v2\/users\/1"}],"replies":[{"embeddable":true,"href":"https:\/\/www.magic-hologram.com\/fr\/wp-json\/wp\/v2\/comments?post=3685"}],"version-history":[{"count":4,"href":"https:\/\/www.magic-hologram.com\/fr\/wp-json\/wp\/v2\/pages\/3685\/revisions"}],"predecessor-version":[{"id":3775,"href":"https:\/\/www.magic-hologram.com\/fr\/wp-json\/wp\/v2\/pages\/3685\/revisions\/3775"}],"wp:attachment":[{"href":"https:\/\/www.magic-hologram.com\/fr\/wp-json\/wp\/v2\/media?parent=3685"}],"curies":[{"name":"wp","href":"https:\/\/api.w.org\/{rel}","templated":true}]}}