{"id":3710,"date":"2024-03-15T18:03:55","date_gmt":"2024-03-15T17:03:55","guid":{"rendered":"https:\/\/www.magic-hologram.com\/hologram-earth-globe-3d-holographic\/"},"modified":"2025-07-09T12:28:14","modified_gmt":"2025-07-09T10:28:14","slug":"hologramme-globe-terrestre-terre-3d-holographique","status":"publish","type":"page","link":"https:\/\/www.magic-hologram.com\/fr\/hologramme-globe-terrestre-terre-3d-holographique\/","title":{"rendered":"Public : Terre 3D FR"},"content":{"rendered":"<p><div class=\"fusion-fullwidth fullwidth-box fusion-builder-row-1 fusion-flex-container has-pattern-background has-mask-background nonhundred-percent-fullwidth non-hundred-percent-height-scrolling\" style=\"--link_color: var(--awb-color1);--awb-border-radius-top-left:0px;--awb-border-radius-top-right:0px;--awb-border-radius-bottom-right:0px;--awb-border-radius-bottom-left:0px;--awb-padding-top:10px;--awb-padding-right:0px;--awb-padding-bottom:10px;--awb-padding-left:0px;--awb-margin-top:0px;--awb-margin-bottom:0px;--awb-background-color:#000000;--awb-flex-wrap:wrap;\" ><div class=\"fusion-builder-row fusion-row fusion-flex-align-items-flex-start fusion-flex-content-wrap\" style=\"max-width:1216.8px;margin-left: calc(-4% \/ 2 );margin-right: calc(-4% \/ 2 );\"><div class=\"fusion-layout-column fusion_builder_column fusion-builder-column-0 fusion_builder_column_1_1 1_1 fusion-flex-column\" style=\"--awb-padding-top:0px;--awb-padding-right:0px;--awb-padding-bottom:0px;--awb-padding-left:0px;--awb-bg-size:cover;--awb-width-large:100%;--awb-margin-top-large:0px;--awb-spacing-right-large:1.92%;--awb-margin-bottom-large:0px;--awb-spacing-left-large:1.92%;--awb-width-medium:100%;--awb-order-medium:0;--awb-spacing-right-medium:1.92%;--awb-spacing-left-medium:1.92%;--awb-width-small:100%;--awb-order-small:0;--awb-spacing-right-small:1.92%;--awb-spacing-left-small:1.92%;\" data-scroll-devices=\"small-visibility,medium-visibility,large-visibility\"><div class=\"fusion-column-wrapper fusion-column-has-shadow fusion-flex-justify-content-flex-start fusion-content-layout-column\"><div class=\"fusion-title title fusion-title-1 fusion-sep-none fusion-title-center fusion-title-text fusion-title-size-one\" style=\"--awb-text-color:var(--awb-color1);--awb-margin-top:10px;--awb-margin-bottom:10px;--awb-font-size:30px;\"><h1 class=\"fusion-title-heading title-heading-center fusion-responsive-typography-calculated\" style=\"font-family:&quot;Roboto Condensed&quot;;font-style:normal;font-weight:300;margin:0;text-transform:uppercase;font-size:1em;--fontSize:30;--minFontSize:30;line-height:1.16;\">Terre 3D<\/h1><\/div><\/div><\/div><\/div><\/div><div class=\"fusion-fullwidth fullwidth-box fusion-builder-row-2 fusion-flex-container has-pattern-background has-mask-background nonhundred-percent-fullwidth non-hundred-percent-height-scrolling\" style=\"--awb-border-radius-top-left:0px;--awb-border-radius-top-right:0px;--awb-border-radius-bottom-right:0px;--awb-border-radius-bottom-left:0px;--awb-padding-right:0px;--awb-padding-left:0px;--awb-padding-right-medium:0px;--awb-padding-left-medium:0px;--awb-padding-right-small:0px;--awb-padding-left-small:0px;--awb-flex-wrap:wrap;\" ><div class=\"fusion-builder-row fusion-row fusion-flex-align-items-flex-start fusion-flex-justify-content-center fusion-flex-content-wrap\" style=\"max-width:1216.8px;margin-left: calc(-4% \/ 2 );margin-right: calc(-4% \/ 2 );\"><div class=\"fusion-layout-column fusion_builder_column fusion-builder-column-1 fusion_builder_column_3_5 3_5 fusion-flex-column\" style=\"--awb-padding-top-small:0px;--awb-padding-right-small:0px;--awb-padding-bottom-small:0px;--awb-padding-left-small:0px;--awb-bg-size:cover;--awb-width-large:60%;--awb-margin-top-large:15px;--awb-spacing-right-large:3.2%;--awb-margin-bottom-large:15px;--awb-spacing-left-large:3.2%;--awb-width-medium:100%;--awb-order-medium:0;--awb-spacing-right-medium:1.92%;--awb-spacing-left-medium:1.92%;--awb-width-small:100%;--awb-order-small:0;--awb-margin-top-small:0;--awb-spacing-right-small:0px;--awb-margin-bottom-small:0;--awb-spacing-left-small:0px;\" data-scroll-devices=\"small-visibility,medium-visibility,large-visibility\"><div class=\"fusion-column-wrapper fusion-column-has-shadow fusion-flex-justify-content-space-evenly fusion-content-layout-row\"><div class=\"fusion-video fusion-selfhosted-video\" style=\"max-width:100%;\"><div class=\"video-wrapper\"><video playsinline=\"true\" width=\"100%\" style=\"object-fit: cover;\" muted=\"true\" loop=\"true\" poster=\"https:\/\/www.magic-hologram.com\/wp-content\/uploads\/2015\/10\/vignette-terre-3d.jpg\" preload=\"auto\" controls=\"1\"><source src=\"https:\/\/www.magic-hologram.com\/wp-content\/uploads\/2025\/07\/magic-hologram-3d-earth.mp4\" type=\"video\/mp4\">Sorry, your browser doesn&#039;t support embedded videos.<\/video><\/div><\/div><\/div><\/div><div class=\"fusion-layout-column fusion_builder_column fusion-builder-column-2 fusion_builder_column_2_5 2_5 fusion-flex-column fusion-flex-align-self-center\" style=\"--awb-padding-right:15px;--awb-padding-left:15px;--awb-padding-top-small:10px;--awb-bg-size:cover;--awb-width-large:40%;--awb-margin-top-large:15px;--awb-spacing-right-large:4.8%;--awb-margin-bottom-large:15px;--awb-spacing-left-large:4.8%;--awb-width-medium:100%;--awb-order-medium:0;--awb-spacing-right-medium:1.92%;--awb-spacing-left-medium:1.92%;--awb-width-small:100%;--awb-order-small:0;--awb-margin-top-small:0;--awb-spacing-right-small:1.92%;--awb-spacing-left-small:1.92%;\" data-scroll-devices=\"small-visibility,medium-visibility,large-visibility\"><div class=\"fusion-column-wrapper fusion-column-has-shadow fusion-flex-justify-content-center fusion-content-layout-column\"><div class=\"fusion-title title fusion-title-2 sep-underline sep-dashed fusion-title-text fusion-title-size-two\" style=\"--awb-margin-top:10px;--awb-sep-color:var(--awb-color8);--awb-font-size:20px;\"><h2 class=\"fusion-title-heading title-heading-left fusion-responsive-typography-calculated\" style=\"font-family:&quot;Roboto Condensed&quot;;font-style:normal;font-weight:500;margin:0;text-transform:uppercase;font-size:1em;--fontSize:20;--minFontSize:20;line-height:1.2;\">Comment utiliser le Magic Hologram ?<\/h2><\/div><div class=\"fusion-text fusion-text-1 fusion-text-no-margin\" style=\"--awb-font-size:15px;--awb-margin-top:10px;--awb-text-font-family:&quot;Roboto Condensed&quot;;--awb-text-font-style:normal;--awb-text-font-weight:400;\"><p style=\"text-align: justify; margin-bottom: 10px;\"><i class=\"fb-icon-element-1 fb-icon-element fontawesome-icon fa-expand-alt fas circle-yes fusion-text-flow\" style=\"--awb-circlecolor:var(--awb-custom11);--awb-circlecolor-hover:var(--awb-custom11);--awb-circlebordercolor:var(--awb-custom11);--awb-circlebordercolor-hover:var(--awb-custom11);--awb-circlebordersize:1px;--awb-font-size:17.6px;--awb-width:35.2px;--awb-height:35.2px;--awb-line-height:33.2px;--awb-margin-right:10px;\"><\/i> Mettre la vid\u00e9o holographique en <strong>Plein Ecran<\/strong><\/p>\n<p style=\"text-align: justify; margin-top: 0;\"><i class=\"fb-icon-element-2 fb-icon-element fontawesome-icon fa-lightbulb fas circle-yes fusion-text-flow\" style=\"--awb-circlecolor:var(--awb-custom11);--awb-circlecolor-hover:var(--awb-custom11);--awb-circlebordercolor:var(--awb-custom11);--awb-circlebordercolor-hover:var(--awb-custom11);--awb-circlebordersize:1px;--awb-font-size:17.6px;--awb-width:35.2px;--awb-height:35.2px;--awb-line-height:33.2px;--awb-margin-right:10px;\"><\/i> D\u00e9finir <strong>la luminosit\u00e9 de votre t\u00e9l\u00e9phone au MAX<\/strong><\/p>\n<\/div><div style=\"text-align:center;\"><a class=\"fusion-button button-flat button-large button-custom fusion-button-default button-1 fusion-button-default-span fusion-button-default-type\" style=\"--button_accent_color:#ffffff;--button_accent_hover_color:#faa93d;--button_border_hover_color:var(--awb-custom11);--button_gradient_top_color:#faa93d;--button_gradient_bottom_color:#faa93d;--button_gradient_top_color_hover:#ffffff;--button_gradient_bottom_color_hover:#ffffff;--button_text_transform:uppercase;--button_typography-font-family:&quot;Roboto Condensed&quot;;--button_typography-font-style:normal;--button_typography-font-weight:600;--button_margin-top:20px;--button_margin-bottom:0px;\" target=\"_self\" href=\"https:\/\/www.magic-hologram.com\/#contenus\"><i class=\"fa-angle-right fas awb-button__icon awb-button__icon--default button-icon-left\" aria-hidden=\"true\"><\/i><span class=\"fusion-button-text awb-button__text awb-button__text--default\">Voir plus d\u2019hologrammes<\/span><\/a><\/div><\/div><\/div>\n<\/div><\/div><div class=\"fusion-fullwidth fullwidth-box fusion-builder-row-3 fusion-flex-container has-pattern-background has-mask-background nonhundred-percent-fullwidth non-hundred-percent-height-scrolling\" style=\"--awb-border-radius-top-left:15px;--awb-border-radius-top-right:15px;--awb-border-radius-bottom-right:15px;--awb-border-radius-bottom-left:15px;--awb-overflow:hidden;--awb-padding-right:0px;--awb-padding-left:0px;--awb-padding-right-medium:10px;--awb-padding-left-medium:10px;--awb-padding-right-small:10px;--awb-padding-left-small:10px;--awb-flex-wrap:wrap;\" ><div class=\"fusion-builder-row fusion-row fusion-flex-align-items-flex-start fusion-flex-justify-content-center fusion-flex-content-wrap\" style=\"max-width:1216.8px;margin-left: calc(-4% \/ 2 );margin-right: calc(-4% \/ 2 );\"><div class=\"fusion-layout-column fusion_builder_column fusion-builder-column-3 fusion_builder_column_1_1 1_1 fusion-flex-column fusion-flex-align-self-center\" style=\"--awb-padding-top:10px;--awb-padding-right:20px;--awb-padding-bottom:15px;--awb-padding-left:20px;--awb-padding-top-small:10px;--awb-padding-right-small:20px;--awb-padding-bottom-small:15px;--awb-padding-left-small:20px;--awb-overflow:hidden;--awb-bg-color:#ecf0f5;--awb-bg-color-hover:#ecf0f5;--awb-bg-size:cover;--awb-border-radius:15px 15px 15px 15px;--awb-width-large:100%;--awb-margin-top-large:15px;--awb-spacing-right-large:1.92%;--awb-margin-bottom-large:15px;--awb-spacing-left-large:1.92%;--awb-width-medium:100%;--awb-order-medium:0;--awb-spacing-right-medium:1.92%;--awb-spacing-left-medium:1.92%;--awb-width-small:100%;--awb-order-small:0;--awb-margin-top-small:0;--awb-spacing-right-small:1.92%;--awb-spacing-left-small:1.92%;\" data-scroll-devices=\"small-visibility,medium-visibility,large-visibility\"><div class=\"fusion-column-wrapper fusion-column-has-shadow fusion-flex-justify-content-center fusion-content-layout-column\"><div class=\"fusion-title title fusion-title-3 sep-underline sep-dashed fusion-title-text fusion-title-size-two\" style=\"--awb-margin-top:10px;--awb-sep-color:var(--awb-color8);--awb-font-size:20px;\"><h2 class=\"fusion-title-heading title-heading-left fusion-responsive-typography-calculated\" style=\"font-family:&quot;Roboto Condensed&quot;;font-style:normal;font-weight:500;margin:0;text-transform:uppercase;font-size:1em;--fontSize:20;--minFontSize:20;line-height:1.2;\">A propos de cet hologramme<\/h2><\/div><div class=\"fusion-text fusion-text-2 fusion-text-no-margin\" style=\"--awb-font-size:15px;--awb-margin-top:10px;--awb-text-font-family:&quot;Roboto Condensed&quot;;--awb-text-font-style:normal;--awb-text-font-weight:400;\"><p>Bienvenue dans le monde enchanteur du Magic Hologram, un gadget r\u00e9volutionnaire qui transforme votre smartphone en un \u00e9cran holographique fascinant. Cet appareil compact en forme de pyramide, fabriqu\u00e9 en plexiglas transparent et r\u00e9sistant, vous ouvre les portes d&rsquo;une nouvelle dimension d&rsquo;exp\u00e9riences num\u00e9riques, \u00e0 port\u00e9e de main.<\/p>\n<p>Le Magic Hologram vous invite \u00e0 explorer une animation 3D \u00e9poustouflante de notre plan\u00e8te Terre, riche en d\u00e9tails complexes et accompagn\u00e9e d&rsquo;une musique apaisante. Tandis que vous observez la Terre tourner gracieusement dans les airs, l&rsquo;\u00e9cran holographique cr\u00e9e une illusion si r\u00e9elle que vous aurez l&rsquo;impression de pouvoir toucher le globe. Cette exp\u00e9rience immersive est non seulement visuellement captivante, mais aussi un v\u00e9ritable plaisir auditif, avec une musique qui sublime la beaut\u00e9 sereine de notre plan\u00e8te en mouvement.<\/p>\n<p>Con\u00e7u pour \u00eatre simple et facile d&rsquo;utilisation, le Magic Hologram est accessible \u00e0 tous les \u00e2ges. Placez simplement la pyramide sur l&rsquo;\u00e9cran de votre smartphone et regardez l&rsquo;\u00e9cran s&rsquo;animer gr\u00e2ce \u00e0 un hologramme 3D flottant. Que vous soyez \u00e0 la maison ou au bureau, ce gadget suscitera assur\u00e9ment la conversation et vous offrira une fa\u00e7on unique d&rsquo;appr\u00e9cier la beaut\u00e9 de la Terre sous forme holographique.<\/p>\n<p>Id\u00e9al pour des activit\u00e9s \u00e9ducatives, des s\u00e9ances de m\u00e9ditation ou comme objet de d\u00e9coration original, le Magic Hologram ouvre les portes d&rsquo;un monde o\u00f9 technologie et art convergent. Sa capacit\u00e9 \u00e0 combiner une animation d\u00e9taill\u00e9e de la Terre avec une musique harmonieuse cr\u00e9e une ambiance \u00e0 la fois relaxante et \u00e9blouissante.<\/p>\n<p>D\u00e9couvrez la magie de notre plan\u00e8te comme jamais auparavant avec le Magic Hologram. Plus qu&rsquo;un gadget, c&rsquo;est une exp\u00e9rience qui nous rappelle l&rsquo;\u00e9merveillement et la beaut\u00e9 du monde dans lequel nous vivons, gr\u00e2ce \u00e0 l&rsquo;utilisation innovante de la technologie holographique. Rejoignez-nous pour ce voyage extraordinaire et observez la Terre en mouvement comme si elle \u00e9tait suspendue dans l&rsquo;air que vous respirez \u2013 une v\u00e9ritable merveille de technologie moderne.<\/p>\n<\/div><\/div><\/div><\/div><\/div><\/p>\n","protected":false},"excerpt":{"rendered":"","protected":false},"author":1,"featured_media":0,"parent":0,"menu_order":0,"comment_status":"closed","ping_status":"closed","template":"100-width.php","meta":{"footnotes":""},"class_list":["post-3710","page","type-page","status-publish","hentry"],"yoast_head":"<!-- This site is optimized with the Yoast SEO plugin v26.1.1 - https:\/\/yoast.com\/wordpress\/plugins\/seo\/ -->\n<title>Globe terrestre holographique, la Terre en hologramme 3D<\/title>\n<meta name=\"description\" content=\"Appr\u00e9ciez une vue spectaculaire de la Terre en hologramme 3D sur votre iPad ou votre iPhone gr\u00e2ce \u00e0 notre Kit Holographique Magic Hologram !\" \/>\n<meta name=\"robots\" content=\"index, follow, max-snippet:-1, max-image-preview:large, max-video-preview:-1\" \/>\n<link rel=\"canonical\" href=\"https:\/\/www.magic-hologram.com\/fr\/hologramme-globe-terrestre-terre-3d-holographique\/\" \/>\n<meta property=\"og:locale\" content=\"fr_FR\" \/>\n<meta property=\"og:type\" content=\"article\" \/>\n<meta property=\"og:title\" content=\"Globe terrestre holographique, la Terre en hologramme 3D\" \/>\n<meta property=\"og:description\" content=\"Appr\u00e9ciez une vue spectaculaire de la Terre en hologramme 3D sur votre iPad ou votre iPhone gr\u00e2ce \u00e0 notre Kit Holographique Magic Hologram !\" \/>\n<meta property=\"og:url\" content=\"https:\/\/www.magic-hologram.com\/fr\/hologramme-globe-terrestre-terre-3d-holographique\/\" \/>\n<meta property=\"og:site_name\" content=\"Magic Hologram\" \/>\n<meta property=\"article:modified_time\" content=\"2025-07-09T10:28:14+00:00\" \/>\n<meta name=\"twitter:card\" content=\"summary_large_image\" \/>\n<meta name=\"twitter:label1\" content=\"Dur\u00e9e de lecture estim\u00e9e\" \/>\n\t<meta name=\"twitter:data1\" content=\"2 minutes\" \/>\n<script type=\"application\/ld+json\" class=\"yoast-schema-graph\">{\"@context\":\"https:\/\/schema.org\",\"@graph\":[{\"@type\":\"WebPage\",\"@id\":\"https:\/\/www.magic-hologram.com\/fr\/hologramme-globe-terrestre-terre-3d-holographique\/\",\"url\":\"https:\/\/www.magic-hologram.com\/fr\/hologramme-globe-terrestre-terre-3d-holographique\/\",\"name\":\"Globe terrestre holographique, la Terre en hologramme 3D\",\"isPartOf\":{\"@id\":\"https:\/\/www.magic-hologram.com\/fr\/#website\"},\"datePublished\":\"2024-03-15T17:03:55+00:00\",\"dateModified\":\"2025-07-09T10:28:14+00:00\",\"description\":\"Appr\u00e9ciez une vue spectaculaire de la Terre en hologramme 3D sur votre iPad ou votre iPhone gr\u00e2ce \u00e0 notre Kit Holographique Magic Hologram !\",\"breadcrumb\":{\"@id\":\"https:\/\/www.magic-hologram.com\/fr\/hologramme-globe-terrestre-terre-3d-holographique\/#breadcrumb\"},\"inLanguage\":\"fr-FR\",\"potentialAction\":[{\"@type\":\"ReadAction\",\"target\":[\"https:\/\/www.magic-hologram.com\/fr\/hologramme-globe-terrestre-terre-3d-holographique\/\"]}]},{\"@type\":\"BreadcrumbList\",\"@id\":\"https:\/\/www.magic-hologram.com\/fr\/hologramme-globe-terrestre-terre-3d-holographique\/#breadcrumb\",\"itemListElement\":[{\"@type\":\"ListItem\",\"position\":1,\"name\":\"Home\",\"item\":\"https:\/\/www.magic-hologram.com\/fr\/\"},{\"@type\":\"ListItem\",\"position\":2,\"name\":\"Public : Terre 3D FR\"}]},{\"@type\":\"WebSite\",\"@id\":\"https:\/\/www.magic-hologram.com\/fr\/#website\",\"url\":\"https:\/\/www.magic-hologram.com\/fr\/\",\"name\":\"Magic Hologram\",\"description\":\"\",\"potentialAction\":[{\"@type\":\"SearchAction\",\"target\":{\"@type\":\"EntryPoint\",\"urlTemplate\":\"https:\/\/www.magic-hologram.com\/fr\/?s={search_term_string}\"},\"query-input\":{\"@type\":\"PropertyValueSpecification\",\"valueRequired\":true,\"valueName\":\"search_term_string\"}}],\"inLanguage\":\"fr-FR\"}]}<\/script>\n<!-- \/ Yoast SEO plugin. -->","yoast_head_json":{"title":"Globe terrestre holographique, la Terre en hologramme 3D","description":"Appr\u00e9ciez une vue spectaculaire de la Terre en hologramme 3D sur votre iPad ou votre iPhone gr\u00e2ce \u00e0 notre Kit Holographique Magic Hologram !","robots":{"index":"index","follow":"follow","max-snippet":"max-snippet:-1","max-image-preview":"max-image-preview:large","max-video-preview":"max-video-preview:-1"},"canonical":"https:\/\/www.magic-hologram.com\/fr\/hologramme-globe-terrestre-terre-3d-holographique\/","og_locale":"fr_FR","og_type":"article","og_title":"Globe terrestre holographique, la Terre en hologramme 3D","og_description":"Appr\u00e9ciez une vue spectaculaire de la Terre en hologramme 3D sur votre iPad ou votre iPhone gr\u00e2ce \u00e0 notre Kit Holographique Magic Hologram !","og_url":"https:\/\/www.magic-hologram.com\/fr\/hologramme-globe-terrestre-terre-3d-holographique\/","og_site_name":"Magic Hologram","article_modified_time":"2025-07-09T10:28:14+00:00","twitter_card":"summary_large_image","twitter_misc":{"Dur\u00e9e de lecture estim\u00e9e":"2 minutes"},"schema":{"@context":"https:\/\/schema.org","@graph":[{"@type":"WebPage","@id":"https:\/\/www.magic-hologram.com\/fr\/hologramme-globe-terrestre-terre-3d-holographique\/","url":"https:\/\/www.magic-hologram.com\/fr\/hologramme-globe-terrestre-terre-3d-holographique\/","name":"Globe terrestre holographique, la Terre en hologramme 3D","isPartOf":{"@id":"https:\/\/www.magic-hologram.com\/fr\/#website"},"datePublished":"2024-03-15T17:03:55+00:00","dateModified":"2025-07-09T10:28:14+00:00","description":"Appr\u00e9ciez une vue spectaculaire de la Terre en hologramme 3D sur votre iPad ou votre iPhone gr\u00e2ce \u00e0 notre Kit Holographique Magic Hologram !","breadcrumb":{"@id":"https:\/\/www.magic-hologram.com\/fr\/hologramme-globe-terrestre-terre-3d-holographique\/#breadcrumb"},"inLanguage":"fr-FR","potentialAction":[{"@type":"ReadAction","target":["https:\/\/www.magic-hologram.com\/fr\/hologramme-globe-terrestre-terre-3d-holographique\/"]}]},{"@type":"BreadcrumbList","@id":"https:\/\/www.magic-hologram.com\/fr\/hologramme-globe-terrestre-terre-3d-holographique\/#breadcrumb","itemListElement":[{"@type":"ListItem","position":1,"name":"Home","item":"https:\/\/www.magic-hologram.com\/fr\/"},{"@type":"ListItem","position":2,"name":"Public : Terre 3D FR"}]},{"@type":"WebSite","@id":"https:\/\/www.magic-hologram.com\/fr\/#website","url":"https:\/\/www.magic-hologram.com\/fr\/","name":"Magic Hologram","description":"","potentialAction":[{"@type":"SearchAction","target":{"@type":"EntryPoint","urlTemplate":"https:\/\/www.magic-hologram.com\/fr\/?s={search_term_string}"},"query-input":{"@type":"PropertyValueSpecification","valueRequired":true,"valueName":"search_term_string"}}],"inLanguage":"fr-FR"}]}},"_links":{"self":[{"href":"https:\/\/www.magic-hologram.com\/fr\/wp-json\/wp\/v2\/pages\/3710","targetHints":{"allow":["GET"]}}],"collection":[{"href":"https:\/\/www.magic-hologram.com\/fr\/wp-json\/wp\/v2\/pages"}],"about":[{"href":"https:\/\/www.magic-hologram.com\/fr\/wp-json\/wp\/v2\/types\/page"}],"author":[{"embeddable":true,"href":"https:\/\/www.magic-hologram.com\/fr\/wp-json\/wp\/v2\/users\/1"}],"replies":[{"embeddable":true,"href":"https:\/\/www.magic-hologram.com\/fr\/wp-json\/wp\/v2\/comments?post=3710"}],"version-history":[{"count":2,"href":"https:\/\/www.magic-hologram.com\/fr\/wp-json\/wp\/v2\/pages\/3710\/revisions"}],"predecessor-version":[{"id":3713,"href":"https:\/\/www.magic-hologram.com\/fr\/wp-json\/wp\/v2\/pages\/3710\/revisions\/3713"}],"wp:attachment":[{"href":"https:\/\/www.magic-hologram.com\/fr\/wp-json\/wp\/v2\/media?parent=3710"}],"curies":[{"name":"wp","href":"https:\/\/api.w.org\/{rel}","templated":true}]}}